{"id":15,"date":"2019-09-02T13:02:46","date_gmt":"2019-09-02T13:02:46","guid":{"rendered":"http:\/\/debscykancelaria.com\/?page_id=15"},"modified":"2020-10-05T01:34:10","modified_gmt":"2020-10-05T01:34:10","slug":"prawnicy","status":"publish","type":"page","link":"https:\/\/debscykancelaria.com\/index.html\/home\/prawnicy\/","title":{"rendered":"Prawnicy"},"content":{"rendered":"\t\t<div data-elementor-type=\"wp-post\" data-elementor-id=\"15\" class=\"elementor elementor-15\" data-elementor-settings=\"[]\">\n\t\t\t\t\t\t<div class=\"elementor-inner\">\n\t\t\t\t\t\t\t<div class=\"elementor-section-wrap\">\n\t\t\t\t\t\t\t<section class=\"elementor-section elementor-top-section elementor-element elementor-element-362db33d elementor-section-height-min-height elementor-section-stretched elementor-section-boxed elementor-section-height-default elementor-section-items-middle\" data-id=\"362db33d\" data-element_type=\"section\" id=\"home\" data-settings=\"{&quot;background_background&quot;:&quot;classic&quot;,&quot;shape_divider_bottom&quot;:&quot;mountains&quot;,&quot;stretch_section&quot;:&quot;section-stretched&quot;}\">\n\t\t\t\t\t\t\t<div class=\"elementor-background-overlay\"><\/div>\n\t\t\t\t\t\t<div class=\"elementor-shape elementor-shape-bottom\" data-negative=\"false\">\n\t\t\t<svg xmlns=\"http:\/\/www.w3.org\/2000\/svg\" viewBox=\"0 0 1000 100\" preserveAspectRatio=\"none\">\n\t<path class=\"elementor-shape-fill\" opacity=\"0.33\" d=\"M473,67.3c-203.9,88.3-263.1-34-320.3,0C66,119.1,0,59.7,0,59.7V0h1000v59.7 c0,0-62.1,26.1-94.9,29.3c-32.8,3.3-62.8-12.3-75.8-22.1C806,49.6,745.3,8.7,694.9,4.7S492.4,59,473,67.3z\"\/>\n\t<path class=\"elementor-shape-fill\" opacity=\"0.66\" d=\"M734,67.3c-45.5,0-77.2-23.2-129.1-39.1c-28.6-8.7-150.3-10.1-254,39.1 s-91.7-34.4-149.2,0C115.7,118.3,0,39.8,0,39.8V0h1000v36.5c0,0-28.2-18.5-92.1-18.5C810.2,18.1,775.7,67.3,734,67.3z\"\/>\n\t<path class=\"elementor-shape-fill\" d=\"M766.1,28.9c-200-57.5-266,65.5-395.1,19.5C242,1.8,242,5.4,184.8,20.6C128,35.8,132.3,44.9,89.9,52.5C28.6,63.7,0,0,0,0 h1000c0,0-9.9,40.9-83.6,48.1S829.6,47,766.1,28.9z\"\/>\n<\/svg>\t\t<\/div>\n\t\t\t\t\t<div class=\"elementor-container elementor-column-gap-default\">\n\t\t\t\t\t\t\t<div class=\"elementor-row\">\n\t\t\t\t\t<div class=\"elementor-column elementor-col-100 elementor-top-column elementor-element elementor-element-59401df0\" data-id=\"59401df0\" data-element_type=\"column\">\n\t\t\t<div class=\"elementor-column-wrap elementor-element-populated\">\n\t\t\t\t\t\t\t<div class=\"elementor-widget-wrap\">\n\t\t\t\t\t\t<div class=\"elementor-element elementor-element-2c47e819 text-center elementor-widget elementor-widget-advanced-text-block\" data-id=\"2c47e819\" data-element_type=\"widget\" data-widget_type=\"advanced-text-block.default\">\n\t\t\t\t<div class=\"elementor-widget-container\">\n\t\t\t<div class=\"futurio_extra_adv_text_block animate-general\"  data-animate-type=\"transition.fadeIn\" data-animate-delay=\"50\"><h2 class=\"text-content-block\"><p>Nie oferujemy zwyk\u0142ych us\u0142ug<\/p><\/div><\/h2>\t\t<\/div>\n\t\t\t\t<\/div>\n\t\t\t\t<section class=\"elementor-section elementor-inner-section elementor-element elementor-element-7564831 elementor-section-height-min-height elementor-section-content-middle elementor-section-boxed elementor-section-height-default\" data-id=\"7564831\" data-element_type=\"section\">\n\t\t\t\t\t\t<div class=\"elementor-container elementor-column-gap-default\">\n\t\t\t\t\t\t\t<div class=\"elementor-row\">\n\t\t\t\t\t<div class=\"elementor-column elementor-col-100 elementor-inner-column elementor-element elementor-element-40bb3a88\" data-id=\"40bb3a88\" data-element_type=\"column\">\n\t\t\t<div class=\"elementor-column-wrap elementor-element-populated\">\n\t\t\t\t\t\t\t<div class=\"elementor-widget-wrap\">\n\t\t\t\t\t\t<div class=\"elementor-element elementor-element-1b4876f6 animated-slow elementor-invisible elementor-widget elementor-widget-heading\" data-id=\"1b4876f6\" data-element_type=\"widget\" data-settings=\"{&quot;_animation&quot;:&quot;fadeInDown&quot;}\" data-widget_type=\"heading.default\">\n\t\t\t\t<div class=\"elementor-widget-container\">\n\t\t\t<h1 class=\"elementor-heading-title elementor-size-xxl\">D\u0118BSCY. KANCELARIA ADWOKACKA<\/h1>\t\t<\/div>\n\t\t\t\t<\/div>\n\t\t\t\t\t\t<\/div>\n\t\t\t\t\t<\/div>\n\t\t<\/div>\n\t\t\t\t\t\t\t\t<\/div>\n\t\t\t\t\t<\/div>\n\t\t<\/section>\n\t\t\t\t<section class=\"elementor-section elementor-inner-section elementor-element elementor-element-73daae84 elementor-section-boxed elementor-section-height-default elementor-section-height-default\" data-id=\"73daae84\" data-element_type=\"section\">\n\t\t\t\t\t\t<div class=\"elementor-container elementor-column-gap-no\">\n\t\t\t\t\t\t\t<div class=\"elementor-row\">\n\t\t\t\t\t<div class=\"elementor-column elementor-col-100 elementor-inner-column elementor-element elementor-element-17df232c\" data-id=\"17df232c\" data-element_type=\"column\">\n\t\t\t<div class=\"elementor-column-wrap elementor-element-populated\">\n\t\t\t\t\t\t\t<div class=\"elementor-widget-wrap\">\n\t\t\t\t\t\t<div class=\"elementor-element elementor-element-74cc7f20 text-center elementor-widget elementor-widget-advanced-text-block\" data-id=\"74cc7f20\" data-element_type=\"widget\" data-widget_type=\"advanced-text-block.default\">\n\t\t\t\t<div class=\"elementor-widget-container\">\n\t\t\t<div class=\"futurio_extra_adv_text_block \" ><div class=\"text-content-block\"><p>\u0141\u0105czymy wiedz\u0119, do\u015bwiadczenie i pasj\u0119.<\/p><p>\u00a0<\/p><\/div><\/div>\t\t<\/div>\n\t\t\t\t<\/div>\n\t\t\t\t\t\t<\/div>\n\t\t\t\t\t<\/div>\n\t\t<\/div>\n\t\t\t\t\t\t\t\t<\/div>\n\t\t\t\t\t<\/div>\n\t\t<\/section>\n\t\t\t\t\t\t<\/div>\n\t\t\t\t\t<\/div>\n\t\t<\/div>\n\t\t\t\t\t\t\t\t<\/div>\n\t\t\t\t\t<\/div>\n\t\t<\/section>\n\t\t\t\t<section class=\"elementor-section elementor-top-section elementor-element elementor-element-16960fa0 elementor-section-content-middle elementor-section-boxed elementor-section-height-default elementor-section-height-default\" data-id=\"16960fa0\" data-element_type=\"section\" data-settings=\"{&quot;background_background&quot;:&quot;classic&quot;}\">\n\t\t\t\t\t\t<div class=\"elementor-container elementor-column-gap-no\">\n\t\t\t\t\t\t\t<div class=\"elementor-row\">\n\t\t\t\t\t<div class=\"elementor-column elementor-col-50 elementor-top-column elementor-element elementor-element-17eb469e\" data-id=\"17eb469e\" data-element_type=\"column\">\n\t\t\t<div class=\"elementor-column-wrap elementor-element-populated\">\n\t\t\t\t\t\t\t<div class=\"elementor-widget-wrap\">\n\t\t\t\t\t\t<div class=\"elementor-element elementor-element-1ad2611 elementor-widget elementor-widget-heading\" data-id=\"1ad2611\" data-element_type=\"widget\" data-widget_type=\"heading.default\">\n\t\t\t\t<div class=\"elementor-widget-container\">\n\t\t\t<h2 class=\"elementor-heading-title elementor-size-default\">adw. dr Monika D\u0119bska<\/h2>\t\t<\/div>\n\t\t\t\t<\/div>\n\t\t\t\t\t\t<\/div>\n\t\t\t\t\t<\/div>\n\t\t<\/div>\n\t\t\t\t<div class=\"elementor-column elementor-col-50 elementor-top-column elementor-element elementor-element-13643887\" data-id=\"13643887\" data-element_type=\"column\">\n\t\t\t<div class=\"elementor-column-wrap elementor-element-populated\">\n\t\t\t\t\t\t\t<div class=\"elementor-widget-wrap\">\n\t\t\t\t\t\t<div class=\"elementor-element elementor-element-8e1d267 elementor-widget elementor-widget-heading\" data-id=\"8e1d267\" data-element_type=\"widget\" data-widget_type=\"heading.default\">\n\t\t\t\t<div class=\"elementor-widget-container\">\n\t\t\t<h2 class=\"elementor-heading-title elementor-size-default\">adw. Maciej D\u0119bski<\/h2>\t\t<\/div>\n\t\t\t\t<\/div>\n\t\t\t\t\t\t<\/div>\n\t\t\t\t\t<\/div>\n\t\t<\/div>\n\t\t\t\t\t\t\t\t<\/div>\n\t\t\t\t\t<\/div>\n\t\t<\/section>\n\t\t\t\t<section class=\"elementor-section elementor-top-section elementor-element elementor-element-3682b5de elementor-section-height-min-height elementor-section-stretched elementor-section-boxed elementor-section-height-default elementor-section-items-middle\" data-id=\"3682b5de\" data-element_type=\"section\" data-settings=\"{&quot;background_background&quot;:&quot;classic&quot;,&quot;shape_divider_top&quot;:&quot;mountains&quot;,&quot;shape_divider_bottom&quot;:&quot;mountains&quot;,&quot;stretch_section&quot;:&quot;section-stretched&quot;}\">\n\t\t\t\t\t\t\t<div class=\"elementor-background-overlay\"><\/div>\n\t\t\t\t\t\t<div class=\"elementor-shape elementor-shape-top\" data-negative=\"false\">\n\t\t\t<svg xmlns=\"http:\/\/www.w3.org\/2000\/svg\" viewBox=\"0 0 1000 100\" preserveAspectRatio=\"none\">\n\t<path class=\"elementor-shape-fill\" opacity=\"0.33\" d=\"M473,67.3c-203.9,88.3-263.1-34-320.3,0C66,119.1,0,59.7,0,59.7V0h1000v59.7 c0,0-62.1,26.1-94.9,29.3c-32.8,3.3-62.8-12.3-75.8-22.1C806,49.6,745.3,8.7,694.9,4.7S492.4,59,473,67.3z\"\/>\n\t<path class=\"elementor-shape-fill\" opacity=\"0.66\" d=\"M734,67.3c-45.5,0-77.2-23.2-129.1-39.1c-28.6-8.7-150.3-10.1-254,39.1 s-91.7-34.4-149.2,0C115.7,118.3,0,39.8,0,39.8V0h1000v36.5c0,0-28.2-18.5-92.1-18.5C810.2,18.1,775.7,67.3,734,67.3z\"\/>\n\t<path class=\"elementor-shape-fill\" d=\"M766.1,28.9c-200-57.5-266,65.5-395.1,19.5C242,1.8,242,5.4,184.8,20.6C128,35.8,132.3,44.9,89.9,52.5C28.6,63.7,0,0,0,0 h1000c0,0-9.9,40.9-83.6,48.1S829.6,47,766.1,28.9z\"\/>\n<\/svg>\t\t<\/div>\n\t\t\t\t<div class=\"elementor-shape elementor-shape-bottom\" data-negative=\"false\">\n\t\t\t<svg xmlns=\"http:\/\/www.w3.org\/2000\/svg\" viewBox=\"0 0 1000 100\" preserveAspectRatio=\"none\">\n\t<path class=\"elementor-shape-fill\" opacity=\"0.33\" d=\"M473,67.3c-203.9,88.3-263.1-34-320.3,0C66,119.1,0,59.7,0,59.7V0h1000v59.7 c0,0-62.1,26.1-94.9,29.3c-32.8,3.3-62.8-12.3-75.8-22.1C806,49.6,745.3,8.7,694.9,4.7S492.4,59,473,67.3z\"\/>\n\t<path class=\"elementor-shape-fill\" opacity=\"0.66\" d=\"M734,67.3c-45.5,0-77.2-23.2-129.1-39.1c-28.6-8.7-150.3-10.1-254,39.1 s-91.7-34.4-149.2,0C115.7,118.3,0,39.8,0,39.8V0h1000v36.5c0,0-28.2-18.5-92.1-18.5C810.2,18.1,775.7,67.3,734,67.3z\"\/>\n\t<path class=\"elementor-shape-fill\" d=\"M766.1,28.9c-200-57.5-266,65.5-395.1,19.5C242,1.8,242,5.4,184.8,20.6C128,35.8,132.3,44.9,89.9,52.5C28.6,63.7,0,0,0,0 h1000c0,0-9.9,40.9-83.6,48.1S829.6,47,766.1,28.9z\"\/>\n<\/svg>\t\t<\/div>\n\t\t\t\t\t<div class=\"elementor-container elementor-column-gap-default\">\n\t\t\t\t\t\t\t<div class=\"elementor-row\">\n\t\t\t\t\t<div class=\"elementor-column elementor-col-100 elementor-top-column elementor-element elementor-element-c4f4f5b\" data-id=\"c4f4f5b\" data-element_type=\"column\">\n\t\t\t<div class=\"elementor-column-wrap elementor-element-populated\">\n\t\t\t\t\t\t\t<div class=\"elementor-widget-wrap\">\n\t\t\t\t\t\t<div class=\"elementor-element elementor-element-5bea9872 animated-slow elementor-invisible elementor-widget elementor-widget-heading\" data-id=\"5bea9872\" data-element_type=\"widget\" data-settings=\"{&quot;_animation&quot;:&quot;bounceIn&quot;}\" data-widget_type=\"heading.default\">\n\t\t\t\t<div class=\"elementor-widget-container\">\n\t\t\t<h1 class=\"elementor-heading-title elementor-size-default\">PRAWNICY NA MIAR\u0118 LUDZKICH POTRZEB<\/h1>\t\t<\/div>\n\t\t\t\t<\/div>\n\t\t\t\t\t\t<\/div>\n\t\t\t\t\t<\/div>\n\t\t<\/div>\n\t\t\t\t\t\t\t\t<\/div>\n\t\t\t\t\t<\/div>\n\t\t<\/section>\n\t\t\t\t<section class=\"elementor-section elementor-top-section elementor-element elementor-element-35aa716f elementor-section-stretched elementor-section-content-bottom elementor-section-boxed elementor-section-height-default elementor-section-height-default\" data-id=\"35aa716f\" data-element_type=\"section\" data-settings=\"{&quot;stretch_section&quot;:&quot;section-stretched&quot;,&quot;shape_divider_bottom&quot;:&quot;triangle-asymmetrical&quot;}\">\n\t\t\t\t\t<div class=\"elementor-shape elementor-shape-bottom\" data-negative=\"false\">\n\t\t\t<svg xmlns=\"http:\/\/www.w3.org\/2000\/svg\" viewBox=\"0 0 1000 100\" preserveAspectRatio=\"none\">\n\t<path class=\"elementor-shape-fill\" d=\"M738,99l262-93V0H0v5.6L738,99z\"\/>\n<\/svg>\t\t<\/div>\n\t\t\t\t\t<div class=\"elementor-container elementor-column-gap-default\">\n\t\t\t\t\t\t\t<div class=\"elementor-row\">\n\t\t\t\t\t<div class=\"elementor-column elementor-col-100 elementor-top-column elementor-element elementor-element-adebfd\" data-id=\"adebfd\" data-element_type=\"column\">\n\t\t\t<div class=\"elementor-column-wrap elementor-element-populated\">\n\t\t\t\t\t\t\t<div class=\"elementor-widget-wrap\">\n\t\t\t\t\t\t<section class=\"elementor-section elementor-inner-section elementor-element elementor-element-6cfa44ad elementor-section-boxed elementor-section-height-default elementor-section-height-default\" data-id=\"6cfa44ad\" data-element_type=\"section\">\n\t\t\t\t\t\t<div class=\"elementor-container elementor-column-gap-default\">\n\t\t\t\t\t\t\t<div class=\"elementor-row\">\n\t\t\t\t\t<div class=\"elementor-column elementor-col-50 elementor-inner-column elementor-element elementor-element-35569b9a\" data-id=\"35569b9a\" data-element_type=\"column\">\n\t\t\t<div class=\"elementor-column-wrap elementor-element-populated\">\n\t\t\t\t\t\t\t<div class=\"elementor-widget-wrap\">\n\t\t\t\t\t\t<div class=\"elementor-element elementor-element-19c0bb18 elementor-widget elementor-widget-text-editor\" data-id=\"19c0bb18\" data-element_type=\"widget\" data-widget_type=\"text-editor.default\">\n\t\t\t\t<div class=\"elementor-widget-container\">\n\t\t\t\t\t<div class=\"elementor-text-editor elementor-clearfix\"><p>Adwokat Monika D\u0119bska odebra\u0142a edukacj\u0119 prawnicz\u0105 na Wydziale Prawa i Administracji Uniwersytetu Warszawskiego. Od pocz\u0105tku swojej kariery zabiega\u0142a o utrzymanie rozwoju interdyscyplinarnego pozwalaj\u0105cego na zachowanie szerokiego zakresu tematycznego udzielanych porad prawnych. W czasie studi\u00f3w magisterskich wyr\u00f3\u017cnia\u0142a si\u0119 zaci\u0119ciem spo\u0142ecznym. By\u0142a zaanga\u017cowana w dzia\u0142alno\u015b\u0107 Sekcji Cywilnej Kliniki Prawa \u2013 Uniwersyteckiej Poradni Prawnej oferuj\u0105cej nieodp\u0142atne porady prawne osobom ubogim. To tam pozna\u0142a prof. Eleonor\u0119 Zieli\u0144sk\u0105, wybitnego naukowca i prawnika, swoj\u0105 p\u00f3\u017aniejsz\u0105 promotork\u0119 w przewodzie doktorskim. Adwokat Monika D\u0119bska by\u0142a tak\u017ce aktywn\u0105 dzia\u0142aczk\u0105 i sekretarzem Ko\u0142a Naukowego Prawa Bankowego pod opiek\u0105 prof. Remigiusza Kaszubskiego oraz s\u0142uchaczk\u0105 Szko\u0142y Prawa W\u0142oskiego i Europejskiego. Bezpo\u015brednio po studiach rozpocz\u0119\u0142a aplikacj\u0119 adwokack\u0105 przy Okr\u0119gowej Radzie Adwokackiej w Warszawie oraz praktyk\u0119 zawodow\u0105 w jednej z warszawskich Kancelarii. W czasie aplikacji Mecenas D\u0119bska odby\u0142a studia podyplomowe z Prawa Sp\u00f3\u0142ek na Wydziale Prawa i Administracji Uniwersytetu Warszawskiego. Po zdaniu egzaminu pa\u0144stwowego uzyska\u0142a wpis na list\u0119 adwokat\u00f3w Izby Warszawskiej. W\u00f3wczas zawi\u0105za\u0142a sp\u00f3\u0142k\u0119 z Adwokatem Maciejem D\u0119bskim i utworzy\u0142a D\u0119bscy Kancelari\u0119 Adwokack\u0105. W 2015 r. po uzyskaniu pozytywnych recenzji prof. Mariana Filara i prof. Micha\u0142a Kr\u00f3likowskiego oraz po z\u0142o\u017ceniu wymaganych egzamin\u00f3w, uchwa\u0142\u0105 Rady Instytutu Prawa Karnego uzyska\u0142a stopie\u0144 naukowy doktora nauk prawnych. W czasie swojej dotychczasowej kariery publikowa\u0142a liczne artyku\u0142y naukowe i komentarze. Przez ca\u0142y czas \u0142\u0105czy\u0142a prac\u0119 naukow\u0105 z aktywn\u0105 dzia\u0142alno\u015bci\u0105 zawodow\u0105, osi\u0105gaj\u0105c status cenionego praktyka. Konsekwentnie utrzymuje przekonanie o konieczno\u015bci wszechstronnej specjalizacji. Obecnie jej zainteresowania skupiaj\u0105 si\u0119 wok\u00f3\u0142 zagadnie\u0144 prawa cywilnego i karnego. W obszarze prawa rodzinnego prowadzi g\u0142\u00f3wnie sprawy rozwodowe, alimentacyjne i o ustalenie kontakt\u00f3w. W obszarze prawa cywilnego &#8211; sprawy o zap\u0142at\u0119, sprawy dzia\u0142owe i sprawy spadkowe. Wyst\u0119puje tak\u017ce w charakterze obro\u0144cy lub oskar\u017cyciela posi\u0142kowego w sprawach karnych.<\/p><\/div>\n\t\t\t\t<\/div>\n\t\t\t\t<\/div>\n\t\t\t\t\t\t<\/div>\n\t\t\t\t\t<\/div>\n\t\t<\/div>\n\t\t\t\t<div class=\"elementor-column elementor-col-50 elementor-inner-column elementor-element elementor-element-2b33307a\" data-id=\"2b33307a\" data-element_type=\"column\">\n\t\t\t<div class=\"elementor-column-wrap elementor-element-populated\">\n\t\t\t\t\t\t\t<div class=\"elementor-widget-wrap\">\n\t\t\t\t\t\t<div class=\"elementor-element elementor-element-3d738096 elementor-widget elementor-widget-text-editor\" data-id=\"3d738096\" data-element_type=\"widget\" data-widget_type=\"text-editor.default\">\n\t\t\t\t<div class=\"elementor-widget-container\">\n\t\t\t\t\t<div class=\"elementor-text-editor elementor-clearfix\"><p>Adwokat Maciej D\u0119bski studiowa\u0142 prawo na Wydziale Prawa i Administracji Uniwersytetu Warszawskiego. W czasach akademickich fascynowa\u0142 si\u0119 g\u0142\u00f3wnie prawem karnym. Obok tego \u0142\u0105czy\u0142 zainteresowania prawnicze ze znajomo\u015bci\u0105 j\u0119zyka rosyjskiego, prowadz\u0105c w ramach praktyk prawniczych badania w archiwach miasta sto\u0142ecznego Warszawy. Zasadniczy zwrot w jego karierze nast\u0105pi\u0142 po uko\u0144czeniu studi\u00f3w, gdy rozpocz\u0105\u0142 aplikacj\u0119 adwokack\u0105 i podj\u0105\u0142 wsp\u00f3\u0142prac\u0119 z Kancelari\u0105 Wardy\u0144ski i Wsp\u00f3lnicy. W jej ramach wsp\u00f3\u0142dzia\u0142a\u0142 z Helsi\u0144sk\u0105 Fundacj\u0105 Praw Cz\u0142owieka, a tak\u017ce rozwija\u0142 zdolno\u015bci procesowe. W\u00f3wczas zainteresowa\u0142 si\u0119 prawem administracyjnym i handlowym. Uko\u0144czy\u0142 studia podyplomowe b\u0119d\u0105c s\u0142uchaczem Podyplomowego Studium Prawa Sp\u00f3\u0142ek Uniwersytetu Warszawskiego. Rozwijaj\u0105c szersze zdolno\u015bci prawnicze nie zapomina\u0142 jednak o prawie karnym i otworzy\u0142 przew\u00f3d doktorski w Katedrze Prawa Karnego Por\u00f3wnawczego Wydzia\u0142u Prawa i Administracji Uniwersytetu Warszawskiego. Po zdaniu egzaminu pa\u0144stwowego uzyska\u0142 wpis na list\u0119 adwokat\u00f3w Izby Warszawskiej. W\u00f3wczas zawi\u0105za\u0142 sp\u00f3\u0142k\u0119 z Adwokatem Monik\u0105 D\u0119bsk\u0105, odt\u0105d udzielaj\u0105c porad prawnych pod szyldem D\u0119bscy Kancelarii Adwokackiej. Adwokat Maciej D\u0119bski w swojej praktyce zajmuje si\u0119 obs\u0142ug\u0105 prawn\u0105 i korporacyjn\u0105 sp\u00f3\u0142ek prawa handlowego, przedsi\u0119biorc\u00f3w, a tak\u017ce podmiot\u00f3w publicznych. W ramach tej obs\u0142ugi oferuje kompleksow\u0105 pomoc prawn\u0105 obejmuj\u0105c\u0105 tak\u017ce porady prawne w zakresie prawa um\u00f3w i prawa pracy. Posiada rozleg\u0142\u0105 wiedz\u0119 w dziedzinie prawa administracyjnego, ugruntowan\u0105 solidnym do\u015bwiadczeniem w prowadzeniu post\u0119powa\u0144 przed organami i s\u0105dami administracyjnymi. Od 2012 r. bezpo\u015brednio wsp\u00f3\u0142pracuje z Kancelari\u0105 Waraksa i Partnerzy, gdzie wyspecjalizowa\u0142 si\u0119 w sprawach zwi\u0105zanych z szeroko poj\u0119tym rynkiem nieruchomo\u015bci, zapewniaj\u0105c kompleksow\u0105 obs\u0142ug\u0119 procesu inwestycyjno-budowlanego, nabywania i zbywania nieruchomo\u015bci, komercjalizacji. Wsp\u00f3\u0142pracowa\u0142 z czo\u0142owymi przedstawicielami warszawskiej bran\u017cy deweloperskiej. Obok rzetelnej wiedzy prawniczej oddaje do dyspozycji swoich klient\u00f3w zdolno\u015bci koncyliacyjne, kt\u00f3re bywaj\u0105 nieocenione w drodze do zako\u0144czenia sporu.<\/p><\/div>\n\t\t\t\t<\/div>\n\t\t\t\t<\/div>\n\t\t\t\t\t\t<\/div>\n\t\t\t\t\t<\/div>\n\t\t<\/div>\n\t\t\t\t\t\t\t\t<\/div>\n\t\t\t\t\t<\/div>\n\t\t<\/section>\n\t\t\t\t\t\t<\/div>\n\t\t\t\t\t<\/div>\n\t\t<\/div>\n\t\t\t\t\t\t\t\t<\/div>\n\t\t\t\t\t<\/div>\n\t\t<\/section>\n\t\t\t\t\t\t<\/div>\n\t\t\t\t\t\t<\/div>\n\t\t\t\t\t<\/div>\n\t\t","protected":false},"excerpt":{"rendered":"<p>Nie oferujemy zwyk\u0142ych us\u0142ug D\u0118BSCY. KANCELARIA ADWOKACKA \u0141\u0105czymy wiedz\u0119, do\u015bwiadczenie i pasj\u0119. \u00a0 adw. dr Monika D\u0119bska adw. Maciej D\u0119bski PRAWNICY NA MIAR\u0118 LUDZKICH POTRZEB Adwokat Monika D\u0119bska odebra\u0142a edukacj\u0119 prawnicz\u0105 na Wydziale Prawa i Administracji Uniwersytetu Warszawskiego. Od pocz\u0105tku swojej kariery zabiega\u0142a o utrzymanie rozwoju interdyscyplinarnego pozwalaj\u0105cego na zachowanie szerokiego zakresu tematycznego udzielanych porad&hellip;<\/p>\n","protected":false},"author":1,"featured_media":0,"parent":31,"menu_order":1,"comment_status":"closed","ping_status":"closed","template":"","meta":[],"_links":{"self":[{"href":"https:\/\/debscykancelaria.com\/index.html\/wp-json\/wp\/v2\/pages\/15"}],"collection":[{"href":"https:\/\/debscykancelaria.com\/index.html\/wp-json\/wp\/v2\/pages"}],"about":[{"href":"https:\/\/debscykancelaria.com\/index.html\/wp-json\/wp\/v2\/types\/page"}],"author":[{"embeddable":true,"href":"https:\/\/debscykancelaria.com\/index.html\/wp-json\/wp\/v2\/users\/1"}],"replies":[{"embeddable":true,"href":"https:\/\/debscykancelaria.com\/index.html\/wp-json\/wp\/v2\/comments?post=15"}],"version-history":[{"count":35,"href":"https:\/\/debscykancelaria.com\/index.html\/wp-json\/wp\/v2\/pages\/15\/revisions"}],"predecessor-version":[{"id":639,"href":"https:\/\/debscykancelaria.com\/index.html\/wp-json\/wp\/v2\/pages\/15\/revisions\/639"}],"up":[{"embeddable":true,"href":"https:\/\/debscykancelaria.com\/index.html\/wp-json\/wp\/v2\/pages\/31"}],"wp:attachment":[{"href":"https:\/\/debscykancelaria.com\/index.html\/wp-json\/wp\/v2\/media?parent=15"}],"curies":[{"name":"wp","href":"https:\/\/api.w.org\/{rel}","templated":true}]}}